{"id":3818,"date":"2021-09-17T13:29:50","date_gmt":"2021-09-17T11:29:50","guid":{"rendered":"https:\/\/edelvital.com\/hair-drug-test\/"},"modified":"2021-11-05T11:35:47","modified_gmt":"2021-11-05T10:35:47","slug":"hair-drug-test","status":"publish","type":"page","link":"https:\/\/edelvital.com\/de\/hair-drug-test\/","title":{"rendered":"PoC-Drogen-Schnelltest"},"content":{"rendered":"<p><div class=\"fusion-fullwidth fullwidth-box fusion-builder-row-1 fusion-flex-container hundred-percent-fullwidth non-hundred-percent-height-scrolling\" style=\"--awb-border-radius-top-left:0px;--awb-border-radius-top-right:0px;--awb-border-radius-bottom-right:0px;--awb-border-radius-bottom-left:0px;--awb-margin-top:100px;--awb-margin-bottom:0px;--awb-margin-top-medium:100px;--awb-margin-bottom-medium:0px;--awb-margin-top-small:100px;--awb-margin-bottom-small:0px;--awb-flex-wrap:wrap;\" ><div class=\"fusion-builder-row fusion-row fusion-flex-align-items-flex-start fusion-flex-content-wrap\" style=\"width:104% !important;max-width:104% !important;margin-left: calc(-4% \/ 2 );margin-right: calc(-4% \/ 2 );\"><div class=\"fusion-layout-column fusion_builder_column fusion-builder-column-0 fusion_builder_column_1_2 1_2 fusion-flex-column\" style=\"--awb-bg-position:center center;--awb-bg-size:cover;--awb-width-large:50%;--awb-margin-top-large:0px;--awb-spacing-right-large:0px;--awb-margin-bottom-large:0px;--awb-spacing-left-large:0px;--awb-width-medium:50%;--awb-order-medium:0;--awb-spacing-right-medium:0px;--awb-spacing-left-medium:0px;--awb-width-small:100%;--awb-order-small:0;--awb-spacing-right-small:0px;--awb-spacing-left-small:0px;\"><div class=\"fusion-column-wrapper lazyload fusion-column-has-shadow fusion-flex-justify-content-flex-start fusion-content-layout-column fusion-column-has-bg-image\" data-bg-url=\"https:\/\/edelvital.com\/wp-content\/uploads\/2021\/09\/hair-sample.jpg\" data-bg=\"https:\/\/edelvital.com\/wp-content\/uploads\/2021\/09\/hair-sample.jpg\"><div class=\"fusion-separator fusion-full-width-sep\" style=\"align-self: center;margin-left: auto;margin-right: auto;margin-top:550px;width:100%;\"><\/div><div class=\"fusion-separator fusion-no-small-visibility fusion-no-large-visibility fusion-full-width-sep\" style=\"align-self: center;margin-left: auto;margin-right: auto;margin-top:300px;width:100%;\"><\/div><\/div><\/div><div class=\"fusion-layout-column fusion_builder_column fusion-builder-column-1 fusion_builder_column_1_2 1_2 fusion-flex-column\" style=\"--awb-padding-right:30px;--awb-padding-left:30px;--awb-bg-size:cover;--awb-width-large:50%;--awb-margin-top-large:0px;--awb-spacing-right-large:3.84%;--awb-margin-bottom-large:0px;--awb-spacing-left-large:3.84%;--awb-width-medium:50%;--awb-order-medium:0;--awb-spacing-right-medium:3.84%;--awb-spacing-left-medium:3.84%;--awb-width-small:100%;--awb-order-small:0;--awb-spacing-right-small:1.92%;--awb-spacing-left-small:1.92%;\"><div class=\"fusion-column-wrapper fusion-column-has-shadow fusion-flex-justify-content-flex-start fusion-content-layout-column\"><div class=\"fusion-separator fusion-full-width-sep\" style=\"align-self: center;margin-left: auto;margin-right: auto;margin-top:70px;width:100%;\"><\/div><div class=\"fusion-title title fusion-title-1 fusion-sep-none fusion-title-text fusion-title-size-two\"><h2 class=\"fusion-title-heading title-heading-left fusion-responsive-typography-calculated\" style=\"margin:0;--fontSize:36;line-height:1.3;\">Haarfollikel-Schnelltest<\/h2><\/div><div class=\"fusion-text fusion-text-1\" style=\"--awb-text-transform:none;\"><p>Haarfollikel-Drogentests sind State-of-the-Art f\u00fcr den Nachweis illegaler Suchtmittel und Substanz-Missbrauch.<\/p>\n<p>Der Point-of-Care-Haarfollikel-Schnelltest auf Suchtmittel von EDELVITAL\u2122 ist in der raschen Detektion von Drogen aktuell wegweisend auf dem europ\u00e4ischen Markt.<\/p>\n<p>Der einfach zu handhabende und hochpr\u00e4zise quantitative Schnelltest kann sowohl von Polizei und Milit\u00e4r als auch von Wachpersonal und Security angewendet werden. Er eignet sich f\u00fcr den Einsatz bei diversen Berufsgruppen und in exponierten T\u00e4tigkeitsbereichen ebenso wie im ambitionierten Breiten- und Spitzensport oder bei Veranstaltungen.<\/p>\n<p>Das Test-System kann als Schnell-Test f\u00fcr eine Vielzahl an Substanzen eingesetzt werden, wie z.B. Kokain, Opiate, Barbiturate, Ketamin, MDMA, Buprenorphin, Benzodiazepine, Methadon, Morphin, THC, PCP, Amphetamine etc.<\/p>\n<\/div><\/div><\/div><\/div><\/div><div class=\"fusion-fullwidth fullwidth-box fusion-builder-row-2 fusion-flex-container hundred-percent-fullwidth non-hundred-percent-height-scrolling\" style=\"--awb-border-radius-top-left:0px;--awb-border-radius-top-right:0px;--awb-border-radius-bottom-right:0px;--awb-border-radius-bottom-left:0px;--awb-margin-top:0px;--awb-margin-bottom:0px;--awb-margin-top-medium:0px;--awb-margin-bottom-medium:0px;--awb-margin-top-small:0px;--awb-margin-bottom-small:0px;--awb-flex-wrap:wrap;\" ><div class=\"fusion-builder-row fusion-row fusion-flex-align-items-flex-start fusion-flex-content-wrap\" style=\"width:104% !important;max-width:104% !important;margin-left: calc(-4% \/ 2 );margin-right: calc(-4% \/ 2 );\"><div class=\"fusion-layout-column fusion_builder_column fusion-builder-column-2 fusion_builder_column_1_2 1_2 fusion-flex-column\" style=\"--awb-padding-right:30px;--awb-padding-left:30px;--awb-bg-size:cover;--awb-width-large:50%;--awb-margin-top-large:0px;--awb-spacing-right-large:3.84%;--awb-margin-bottom-large:0px;--awb-spacing-left-large:3.84%;--awb-width-medium:50%;--awb-order-medium:0;--awb-spacing-right-medium:3.84%;--awb-spacing-left-medium:3.84%;--awb-width-small:100%;--awb-order-small:0;--awb-spacing-right-small:1.92%;--awb-spacing-left-small:1.92%;\"><div class=\"fusion-column-wrapper fusion-column-has-shadow fusion-flex-justify-content-flex-start fusion-content-layout-column\"><div class=\"fusion-separator fusion-full-width-sep\" style=\"align-self: center;margin-left: auto;margin-right: auto;margin-top:70px;width:100%;\"><\/div><div class=\"fusion-title title fusion-title-2 fusion-sep-none fusion-title-text fusion-title-size-two\"><h2 class=\"fusion-title-heading title-heading-left fusion-responsive-typography-calculated\" style=\"margin:0;--fontSize:36;line-height:1.3;\">Pr\u00e4zision in der Analyse<\/h2><\/div><div class=\"fusion-text fusion-text-2\" style=\"--awb-text-transform:none;\"><p>Der EDELVITAL\u2122 Haarfollikel-Schnelltest auf Suchtmittel ist nichtinvasiv und deshalb einem Urin- bzw. Speicheltest \u00fcberlegen. Im direkten Vergleich erzielt er zudem eine h\u00f6here Genauigkeit beim Testergebnis.<\/p>\n<p>Ein quantitatives Ergebnis liegt innerhalb von Minuten vor und l\u00e4sst sich am Testger\u00e4t einfach ablesen.<\/p>\n<p>Der EDELVITAL\u2122 Haarfollikel-Schnelltest erzielt rasche Ergebnisse innerhalb von 5 Minuten nach Durchf\u00fchrung des Tests; die detektierten Suchtmittel lassen sich damit bis zu einem Zeitraum von sechs Monate nachweisen.<\/p>\n<p>Haarfollikel-Tests spielen mittlerweile auch eine wichtige Rolle in Gerichtsverfahren, einschlie\u00dflich Straf- und Vaterschaftsprozesse.<\/p>\n<\/div><\/div><\/div><div class=\"fusion-layout-column fusion_builder_column fusion-builder-column-3 fusion_builder_column_1_2 1_2 fusion-flex-column\" style=\"--awb-bg-position:center center;--awb-bg-size:cover;--awb-width-large:50%;--awb-margin-top-large:0px;--awb-spacing-right-large:0px;--awb-margin-bottom-large:0px;--awb-spacing-left-large:0px;--awb-width-medium:50%;--awb-order-medium:0;--awb-spacing-right-medium:0px;--awb-spacing-left-medium:0px;--awb-width-small:100%;--awb-order-small:0;--awb-spacing-right-small:0px;--awb-spacing-left-small:0px;\"><div class=\"fusion-column-wrapper lazyload fusion-column-has-shadow fusion-flex-justify-content-flex-start fusion-content-layout-column fusion-column-has-bg-image\" data-bg-url=\"https:\/\/edelvital.com\/wp-content\/uploads\/2021\/09\/hair-drug-test-form.jpg\" data-bg=\"https:\/\/edelvital.com\/wp-content\/uploads\/2021\/09\/hair-drug-test-form.jpg\"><div class=\"fusion-separator fusion-full-width-sep\" style=\"align-self: center;margin-left: auto;margin-right: auto;margin-top:550px;width:100%;\"><\/div><div class=\"fusion-separator fusion-no-small-visibility fusion-no-large-visibility fusion-full-width-sep\" style=\"align-self: center;margin-left: auto;margin-right: auto;margin-top:200px;width:100%;\"><\/div><\/div><\/div><\/div><\/div><div class=\"fusion-fullwidth fullwidth-box fusion-builder-row-3 fusion-flex-container nonhundred-percent-fullwidth non-hundred-percent-height-scrolling\" style=\"--awb-border-radius-top-left:0px;--awb-border-radius-top-right:0px;--awb-border-radius-bottom-right:0px;--awb-border-radius-bottom-left:0px;--awb-margin-top:200px;--awb-margin-top-medium:200px;--awb-margin-top-small:200px;--awb-background-color:#ffffff;--awb-flex-wrap:wrap;\" ><div class=\"fusion-builder-row fusion-row fusion-flex-align-items-stretch fusion-flex-content-wrap\" style=\"max-width:1040px;margin-left: calc(-4% \/ 2 );margin-right: calc(-4% \/ 2 );\"><div class=\"fusion-layout-column fusion_builder_column fusion-builder-column-4 fusion_builder_column_1_1 1_1 fusion-flex-column\" style=\"--awb-bg-size:cover;--awb-width-large:100%;--awb-margin-top-large:0px;--awb-spacing-right-large:1.92%;--awb-margin-bottom-large:0px;--awb-spacing-left-large:1.92%;--awb-width-medium:60%;--awb-order-medium:0;--awb-spacing-right-medium:20px;--awb-spacing-left-medium:49px;--awb-width-small:100%;--awb-order-small:0;--awb-spacing-right-small:1.92%;--awb-margin-bottom-small:45px;--awb-spacing-left-small:1.92%;\"><div class=\"fusion-column-wrapper fusion-column-has-shadow fusion-flex-justify-content-flex-start fusion-content-layout-column\"><div class=\"fusion-title title fusion-title-3 fusion-sep-none fusion-title-center fusion-title-text fusion-title-size-two\" style=\"--awb-font-size:36px;\"><h2 class=\"fusion-title-heading title-heading-center fusion-responsive-typography-calculated\" style=\"margin:0;font-size:1em;--fontSize:36;line-height:1.4;\"><p style=\"text-align: center;\">Point-of-Care-Haarfollikel-Drogen-Schnelltest<br \/>\nMobile, miniaturisierte Fluoreszenz-Immunchromatographie<\/p><\/h2><\/div><\/div><\/div><div class=\"fusion-layout-column fusion_builder_column fusion-builder-column-5 fusion_builder_column_1_1 1_1 fusion-flex-column\" style=\"--awb-bg-size:cover;--awb-width-large:100%;--awb-margin-top-large:0px;--awb-spacing-right-large:1.92%;--awb-margin-bottom-large:20px;--awb-spacing-left-large:1.92%;--awb-width-medium:100%;--awb-order-medium:0;--awb-spacing-right-medium:1.92%;--awb-spacing-left-medium:1.92%;--awb-width-small:100%;--awb-order-small:0;--awb-spacing-right-small:1.92%;--awb-spacing-left-small:1.92%;\"><div class=\"fusion-column-wrapper fusion-column-has-shadow fusion-flex-justify-content-flex-start fusion-content-layout-column\"><div class=\"fusion-slider-revolution rev_slider_wrapper\">\t\t\t<!-- START COC Test EN REVOLUTION SLIDER 6.7.39 --><p class=\"rs-p-wp-fix\"><\/p>\t\t\t<rs-module-wrap id=\"rev_slider_22_1_wrapper\" data-source=\"gallery\" style=\"visibility:hidden;background:transparent;padding:0;margin:0px auto;margin-top:0;margin-bottom:0;max-width:none;\">\t\t\t\t<rs-module id=\"rev_slider_22_1\" style=\"\" data-version=\"6.7.39\">\t\t\t\t\t<rs-slides style=\"overflow: hidden; position: absolute;\">\t\t\t\t\t\t<rs-slide style=\"position: absolute;\" data-key=\"rs-26\" data-title=\"Slide\" data-anim=\"adpr:false;\" data-in=\"o:0;\" data-out=\"a:false;\">\t\t\t\t\t\t\t<img decoding=\"async\" src=\"\/\/edelvital.com\/wp-content\/plugins\/revslider\/sr6\/assets\/assets\/dummy.png\" alt=\"\" title=\"laptop-empty\" width=\"1200\" height=\"731\" class=\"rev-slidebg tp-rs-img rs-lazyload\" data-lazyload=\"\/\/edelvital.com\/wp-content\/uploads\/2021\/08\/laptop-empty.jpg\" data-bg=\"f:contain;\" data-no-retina><!--\t\t\t\t\t\t\t--><rs-layer\t\t\t\t\t\t\t\tid=\"slider-22-slide-26-layer-1\" \t\t\t\t\t\t\t\tclass=\"rs-layer-video intrinsic-ignore\"\t\t\t\t\t\t\t\tdata-type=\"video\"\t\t\t\t\t\t\t\tdata-rsp_ch=\"on\"\t\t\t\t\t\t\t\tdata-xy=\"x:c;y:c;yo:-61px;\"\t\t\t\t\t\t\t\tdata-text=\"w:normal;\"\t\t\t\t\t\t\t\tdata-dim=\"w:880px;h:495px;\"\t\t\t\t\t\t\t\tdata-video=\"vfc:false;ap:false;vd:100;l:false;ptimer:false;sav:f;afs:f;vc:t;p:none;inl:f;\"\t\t\t\t\t\t\t\tdata-poster=\"\/\/edelvital.com\/wp-content\/uploads\/revslider\/video-media\/EN-Hair-drug-test_26_layer.jpeg\"\t\t\t\t\t\t\t\tdata-mp4=\"\/\/edelvital.com\/wp-content\/uploads\/2021\/09\/EN-Hair-drug-test.mp4\"\t\t\t\t\t\t\t\tdata-frame_999=\"o:0;st:w;\"\t\t\t\t\t\t\t\tstyle=\"z-index:9;\"\t\t\t\t\t\t\t>\t\t\t\t\t\t\t<\/rs-layer><!---->\t\t\t\t\t<\/rs-slide>\t\t\t\t\t<\/rs-slides>\t\t\t\t<\/rs-module>\t\t\t\t<script>\t\t\t\t\tsetREVStartSize({c: 'rev_slider_22_1',rl:[1240,1024,778,480],el:[800],gw:[1200],gh:[800],type:'standard',justify:'',layout:'fullwidth',mh:\"0\"});if (window.RS_MODULES!==undefined && window.RS_MODULES.modules!==undefined && window.RS_MODULES.modules[\"revslider221\"]!==undefined) {window.RS_MODULES.modules[\"revslider221\"].once = false;window.revapi22 = undefined;if (window.RS_MODULES.checkMinimal!==undefined) window.RS_MODULES.checkMinimal()}\t\t\t\t<\/script>\t\t\t<\/rs-module-wrap>\t\t\t<!-- END REVOLUTION SLIDER --><\/div><div class=\"fusion-separator fusion-full-width-sep\" style=\"align-self: center;margin-left: auto;margin-right: auto;margin-top:50px;width:100%;\"><\/div><\/div><\/div><div class=\"fusion-layout-column fusion_builder_column fusion-builder-column-6 fusion_builder_column_1_1 1_1 fusion-flex-column\" style=\"--awb-bg-size:cover;--awb-width-large:100%;--awb-margin-top-large:0px;--awb-spacing-right-large:1.92%;--awb-margin-bottom-large:20px;--awb-spacing-left-large:1.92%;--awb-width-medium:100%;--awb-order-medium:0;--awb-spacing-right-medium:1.92%;--awb-spacing-left-medium:1.92%;--awb-width-small:100%;--awb-order-small:0;--awb-spacing-right-small:1.92%;--awb-spacing-left-small:1.92%;\"><div class=\"fusion-column-wrapper fusion-column-has-shadow fusion-flex-justify-content-flex-start fusion-content-layout-column\"><div class=\"fusion-separator fusion-no-small-visibility fusion-no-medium-visibility fusion-full-width-sep\" style=\"align-self: center;margin-left: auto;margin-right: auto;margin-top:00px;width:100%;\"><\/div><\/div><\/div><\/div><\/div><div class=\"fusion-bg-parallax\" data-bg-align=\"center center\" data-direction=\"up\" data-mute=\"false\" data-opacity=\"100\" data-velocity=\"-0.3\" data-mobile-enabled=\"false\" data-break_parents=\"0\" data-bg-image=\"https:\/\/edelvital.com\/wp-content\/uploads\/2021\/07\/Background-glasses.jpg\" data-bg-repeat=\"false\" data-bg-color=\"#f7f7f7\" ><\/div><div class=\"fusion-fullwidth fullwidth-box fusion-builder-row-4 fusion-flex-container fusion-parallax-up hundred-percent-fullwidth non-hundred-percent-height-scrolling lazyload\" style=\"--awb-border-radius-top-left:0px;--awb-border-radius-top-right:0px;--awb-border-radius-bottom-right:0px;--awb-border-radius-bottom-left:0px;--awb-margin-top:200px;--awb-background-color:#f7f7f7;--awb-background-size:cover;--awb-flex-wrap:wrap;\" data-bg=\"https:\/\/edelvital.com\/wp-content\/uploads\/2021\/07\/Background-glasses.jpg\" ><div class=\"fusion-builder-row fusion-row fusion-flex-align-items-flex-start fusion-flex-content-wrap\" style=\"width:104% !important;max-width:104% !important;margin-left: calc(-4% \/ 2 );margin-right: calc(-4% \/ 2 );\"><div class=\"fusion-layout-column fusion_builder_column fusion-builder-column-7 fusion_builder_column_1_1 1_1 fusion-flex-column\" style=\"--awb-bg-size:cover;--awb-width-large:100%;--awb-margin-top-large:0px;--awb-spacing-right-large:1.92%;--awb-margin-bottom-large:20px;--awb-spacing-left-large:1.92%;--awb-width-medium:100%;--awb-order-medium:0;--awb-spacing-right-medium:1.92%;--awb-spacing-left-medium:1.92%;--awb-width-small:100%;--awb-order-small:0;--awb-spacing-right-small:1.92%;--awb-spacing-left-small:1.92%;\"><div class=\"fusion-column-wrapper fusion-column-has-shadow fusion-flex-justify-content-flex-start fusion-content-layout-column\"><div class=\"fusion-separator fusion-full-width-sep\" style=\"align-self: center;margin-left: auto;margin-right: auto;margin-top:150px;width:100%;\"><\/div><div class=\"fusion-title title fusion-title-4 fusion-sep-none fusion-title-center fusion-title-text fusion-title-size-one\" style=\"--awb-font-size:15px;\"><h1 class=\"fusion-title-heading title-heading-center fusion-responsive-typography-calculated\" style=\"font-family:&quot;Helvetica&quot;;font-style:normal;font-weight:400;margin:0;letter-spacing:2px;font-size:1em;--fontSize:15;--minFontSize:15;line-height:1.3;\">F\u00dcR ANFRAGEN KONTAKTIEREN SIE UNS BITTE DIREKT<\/h1><\/div><div class=\"fusion-title title fusion-title-5 fusion-sep-none fusion-title-center fusion-title-text fusion-title-size-two\" style=\"--awb-margin-bottom:35px;--awb-margin-bottom-small:40px;--awb-margin-bottom-medium:45px;--awb-font-size:2.8em;\"><h2 class=\"fusion-title-heading title-heading-center fusion-responsive-typography-calculated\" style=\"font-family:&quot;Helvetica&quot;;font-style:normal;font-weight:400;margin:0;font-size:1em;--fontSize:50.4;line-height:1.3;\">Kontaktiere uns<\/h2><\/div><div style=\"text-align:center;\"><a class=\"fusion-button button-flat button-large button-default fusion-button-default button-1 fusion-button-default-span fusion-button-default-type\" target=\"_self\" href=\"https:\/\/edelvital.com\/de\/kontakt\"><span class=\"fusion-button-text awb-button__text awb-button__text--default\">Kontakt<\/span><\/a><\/div><div class=\"fusion-separator fusion-full-width-sep\" style=\"align-self: center;margin-left: auto;margin-right: auto;margin-top:150px;width:100%;\"><\/div><\/div><\/div><\/div><\/div>\n<\/p>\n","protected":false},"excerpt":{"rendered":"","protected":false},"author":2,"featured_media":0,"parent":0,"menu_order":0,"comment_status":"closed","ping_status":"closed","template":"100-width.php","meta":{"footnotes":""},"class_list":["post-3818","page","type-page","status-publish","hentry"],"yoast_head":"<!-- This site is optimized with the Yoast SEO plugin v26.8 - https:\/\/yoast.com\/product\/yoast-seo-wordpress\/ -->\n<title>EDELVITAL\u2122 PoC-Drogen-Schnelltest -<\/title>\n<meta name=\"robots\" content=\"index, follow, max-snippet:-1, max-image-preview:large, max-video-preview:-1\" \/>\n<link rel=\"canonical\" href=\"https:\/\/edelvital.com\/de\/hair-drug-test\/\" \/>\n<meta property=\"og:locale\" content=\"de_DE\" \/>\n<meta property=\"og:type\" content=\"article\" \/>\n<meta property=\"og:title\" content=\"EDELVITAL\u2122 PoC-Drogen-Schnelltest -\" \/>\n<meta property=\"og:url\" content=\"https:\/\/edelvital.com\/de\/hair-drug-test\/\" \/>\n<meta property=\"og:site_name\" content=\"EDELVITAL\u2122\" \/>\n<meta property=\"article:modified_time\" content=\"2021-11-05T10:35:47+00:00\" \/>\n<meta name=\"twitter:card\" content=\"summary_large_image\" \/>\n<script type=\"application\/ld+json\" class=\"yoast-schema-graph\">{\"@context\":\"https:\/\/schema.org\",\"@graph\":[{\"@type\":\"WebPage\",\"@id\":\"https:\/\/edelvital.com\/de\/hair-drug-test\/\",\"url\":\"https:\/\/edelvital.com\/de\/hair-drug-test\/\",\"name\":\"EDELVITAL\u2122 PoC-Drogen-Schnelltest -\",\"isPartOf\":{\"@id\":\"https:\/\/edelvital.com\/de\/#website\"},\"datePublished\":\"2021-09-17T11:29:50+00:00\",\"dateModified\":\"2021-11-05T10:35:47+00:00\",\"breadcrumb\":{\"@id\":\"https:\/\/edelvital.com\/de\/hair-drug-test\/#breadcrumb\"},\"inLanguage\":\"de\",\"potentialAction\":[{\"@type\":\"ReadAction\",\"target\":[\"https:\/\/edelvital.com\/de\/hair-drug-test\/\"]}]},{\"@type\":\"BreadcrumbList\",\"@id\":\"https:\/\/edelvital.com\/de\/hair-drug-test\/#breadcrumb\",\"itemListElement\":[{\"@type\":\"ListItem\",\"position\":1,\"name\":\"Startseite\",\"item\":\"https:\/\/edelvital.com\/de\/\"},{\"@type\":\"ListItem\",\"position\":2,\"name\":\"PoC-Drogen-Schnelltest\"}]},{\"@type\":\"WebSite\",\"@id\":\"https:\/\/edelvital.com\/de\/#website\",\"url\":\"https:\/\/edelvital.com\/de\/\",\"name\":\"EDELVITAL\u2122\",\"description\":\"Certified Sars-CoV-2 Tests\",\"publisher\":{\"@id\":\"https:\/\/edelvital.com\/de\/#organization\"},\"potentialAction\":[{\"@type\":\"SearchAction\",\"target\":{\"@type\":\"EntryPoint\",\"urlTemplate\":\"https:\/\/edelvital.com\/de\/?s={search_term_string}\"},\"query-input\":{\"@type\":\"PropertyValueSpecification\",\"valueRequired\":true,\"valueName\":\"search_term_string\"}}],\"inLanguage\":\"de\"},{\"@type\":\"Organization\",\"@id\":\"https:\/\/edelvital.com\/de\/#organization\",\"name\":\"EDELVITAL\u2122\",\"url\":\"https:\/\/edelvital.com\/de\/\",\"logo\":{\"@type\":\"ImageObject\",\"inLanguage\":\"de\",\"@id\":\"https:\/\/edelvital.com\/de\/#\/schema\/logo\/image\/\",\"url\":\"https:\/\/edelvital.com\/wp-content\/uploads\/2021\/07\/Edelvital-Corona-Tests-Logo-L.png\",\"contentUrl\":\"https:\/\/edelvital.com\/wp-content\/uploads\/2021\/07\/Edelvital-Corona-Tests-Logo-L.png\",\"width\":400,\"height\":100,\"caption\":\"EDELVITAL\u2122\"},\"image\":{\"@id\":\"https:\/\/edelvital.com\/de\/#\/schema\/logo\/image\/\"}}]}<\/script>\n<!-- \/ Yoast SEO plugin. -->","yoast_head_json":{"title":"EDELVITAL\u2122 PoC-Drogen-Schnelltest -","robots":{"index":"index","follow":"follow","max-snippet":"max-snippet:-1","max-image-preview":"max-image-preview:large","max-video-preview":"max-video-preview:-1"},"canonical":"https:\/\/edelvital.com\/de\/hair-drug-test\/","og_locale":"de_DE","og_type":"article","og_title":"EDELVITAL\u2122 PoC-Drogen-Schnelltest -","og_url":"https:\/\/edelvital.com\/de\/hair-drug-test\/","og_site_name":"EDELVITAL\u2122","article_modified_time":"2021-11-05T10:35:47+00:00","twitter_card":"summary_large_image","schema":{"@context":"https:\/\/schema.org","@graph":[{"@type":"WebPage","@id":"https:\/\/edelvital.com\/de\/hair-drug-test\/","url":"https:\/\/edelvital.com\/de\/hair-drug-test\/","name":"EDELVITAL\u2122 PoC-Drogen-Schnelltest -","isPartOf":{"@id":"https:\/\/edelvital.com\/de\/#website"},"datePublished":"2021-09-17T11:29:50+00:00","dateModified":"2021-11-05T10:35:47+00:00","breadcrumb":{"@id":"https:\/\/edelvital.com\/de\/hair-drug-test\/#breadcrumb"},"inLanguage":"de","potentialAction":[{"@type":"ReadAction","target":["https:\/\/edelvital.com\/de\/hair-drug-test\/"]}]},{"@type":"BreadcrumbList","@id":"https:\/\/edelvital.com\/de\/hair-drug-test\/#breadcrumb","itemListElement":[{"@type":"ListItem","position":1,"name":"Startseite","item":"https:\/\/edelvital.com\/de\/"},{"@type":"ListItem","position":2,"name":"PoC-Drogen-Schnelltest"}]},{"@type":"WebSite","@id":"https:\/\/edelvital.com\/de\/#website","url":"https:\/\/edelvital.com\/de\/","name":"EDELVITAL\u2122","description":"Certified Sars-CoV-2 Tests","publisher":{"@id":"https:\/\/edelvital.com\/de\/#organization"},"potentialAction":[{"@type":"SearchAction","target":{"@type":"EntryPoint","urlTemplate":"https:\/\/edelvital.com\/de\/?s={search_term_string}"},"query-input":{"@type":"PropertyValueSpecification","valueRequired":true,"valueName":"search_term_string"}}],"inLanguage":"de"},{"@type":"Organization","@id":"https:\/\/edelvital.com\/de\/#organization","name":"EDELVITAL\u2122","url":"https:\/\/edelvital.com\/de\/","logo":{"@type":"ImageObject","inLanguage":"de","@id":"https:\/\/edelvital.com\/de\/#\/schema\/logo\/image\/","url":"https:\/\/edelvital.com\/wp-content\/uploads\/2021\/07\/Edelvital-Corona-Tests-Logo-L.png","contentUrl":"https:\/\/edelvital.com\/wp-content\/uploads\/2021\/07\/Edelvital-Corona-Tests-Logo-L.png","width":400,"height":100,"caption":"EDELVITAL\u2122"},"image":{"@id":"https:\/\/edelvital.com\/de\/#\/schema\/logo\/image\/"}}]}},"_links":{"self":[{"href":"https:\/\/edelvital.com\/de\/wp-json\/wp\/v2\/pages\/3818","targetHints":{"allow":["GET"]}}],"collection":[{"href":"https:\/\/edelvital.com\/de\/wp-json\/wp\/v2\/pages"}],"about":[{"href":"https:\/\/edelvital.com\/de\/wp-json\/wp\/v2\/types\/page"}],"author":[{"embeddable":true,"href":"https:\/\/edelvital.com\/de\/wp-json\/wp\/v2\/users\/2"}],"replies":[{"embeddable":true,"href":"https:\/\/edelvital.com\/de\/wp-json\/wp\/v2\/comments?post=3818"}],"version-history":[{"count":6,"href":"https:\/\/edelvital.com\/de\/wp-json\/wp\/v2\/pages\/3818\/revisions"}],"predecessor-version":[{"id":4011,"href":"https:\/\/edelvital.com\/de\/wp-json\/wp\/v2\/pages\/3818\/revisions\/4011"}],"wp:attachment":[{"href":"https:\/\/edelvital.com\/de\/wp-json\/wp\/v2\/media?parent=3818"}],"curies":[{"name":"wp","href":"https:\/\/api.w.org\/{rel}","templated":true}]}}