{"id":3831,"date":"2021-09-17T13:34:40","date_gmt":"2021-09-17T11:34:40","guid":{"rendered":"https:\/\/edelvital.com\/ovarian-reserve-amh-test\/"},"modified":"2021-11-05T09:01:23","modified_gmt":"2021-11-05T08:01:23","slug":"ovarian-reserve-amh-test","status":"publish","type":"page","link":"https:\/\/edelvital.com\/de\/ovarian-reserve-amh-test\/","title":{"rendered":"Ovarian Reserve AMH Test"},"content":{"rendered":"<p><div class=\"fusion-fullwidth fullwidth-box fusion-builder-row-1 fusion-flex-container hundred-percent-fullwidth non-hundred-percent-height-scrolling\" style=\"--awb-border-radius-top-left:0px;--awb-border-radius-top-right:0px;--awb-border-radius-bottom-right:0px;--awb-border-radius-bottom-left:0px;--awb-padding-right:0px;--awb-padding-left:0px;--awb-flex-wrap:wrap;\" ><div class=\"fusion-builder-row fusion-row fusion-flex-align-items-flex-start fusion-flex-content-wrap\" style=\"width:104% !important;max-width:104% !important;margin-left: calc(-4% \/ 2 );margin-right: calc(-4% \/ 2 );\"><div class=\"fusion-layout-column fusion_builder_column fusion-builder-column-0 fusion_builder_column_1_1 1_1 fusion-flex-column\" style=\"--awb-padding-right:0px;--awb-padding-left:0px;--awb-bg-size:cover;--awb-width-large:100%;--awb-margin-top-large:0px;--awb-spacing-right-large:0px;--awb-margin-bottom-large:20px;--awb-spacing-left-large:0px;--awb-width-medium:100%;--awb-order-medium:0;--awb-spacing-right-medium:0px;--awb-spacing-left-medium:0px;--awb-width-small:100%;--awb-order-small:0;--awb-spacing-right-small:1.92%;--awb-spacing-left-small:1.92%;\"><div class=\"fusion-column-wrapper fusion-column-has-shadow fusion-flex-justify-content-flex-start fusion-content-layout-column\">\n<div class=\"fusion-slider-revolution rev_slider_wrapper\">\t\t\t<!-- START NEW Rapid ovarian reserve DE REVOLUTION SLIDER 6.7.39 --><p class=\"rs-p-wp-fix\"><\/p>\n\t\t\t<rs-module-wrap id=\"rev_slider_53_1_wrapper\" data-source=\"gallery\" style=\"visibility:hidden;background:transparent;padding:0;margin:0px auto;margin-top:0;margin-bottom:0;\">\n\t\t\t\t<rs-module id=\"rev_slider_53_1\" style=\"\" data-version=\"6.7.39\">\n\t\t\t\t\t<rs-slides style=\"overflow: hidden; position: absolute;\">\n\t\t\t\t\t\t<rs-slide style=\"position: absolute;\" data-key=\"rs-61\" data-title=\"Slide\" data-anim=\"adpr:false;ms:50ms;\" data-in=\"o:0;\" data-out=\"a:false;\">\n\t\t\t\t\t\t\t<img decoding=\"async\" src=\"\/\/edelvital.com\/wp-content\/plugins\/revslider\/sr6\/assets\/assets\/dummy.png\" alt=\"Slide\" title=\"Loop0050_2_11.jpeg\" width=\"1200\" height=\"800\" class=\"rev-slidebg tp-rs-img rs-lazyload\" data-lazyload=\"\/\/edelvital.com\/wp-content\/plugins\/revslider\/sr6\/assets\/assets\/transparent.png\" data-bg=\"c:#ffffff;\" data-parallax=\"off\" data-no-retina>\n<!--\n\t\t\t\t\t\t\t--><rs-layer\n\t\t\t\t\t\t\t\tid=\"slider-53-slide-61-layer-0\" \n\t\t\t\t\t\t\t\tdata-type=\"image\"\n\t\t\t\t\t\t\t\tdata-rsp_ch=\"on\"\n\t\t\t\t\t\t\t\tdata-xy=\"x:c;y:b;yo:100px,100px,70px,70px;\"\n\t\t\t\t\t\t\t\tdata-text=\"w:normal;s:20,20,13,13;l:0,0,17,17;\"\n\t\t\t\t\t\t\t\tdata-dim=\"w:26px,26px,18px,18px;h:26px,26px,18px,18px;\"\n\t\t\t\t\t\t\t\tdata-frame_999=\"o:0;st:w;\"\n\t\t\t\t\t\t\t\tstyle=\"z-index:14;\"\n\t\t\t\t\t\t\t><img decoding=\"async\" src=\"\/\/edelvital.com\/wp-content\/plugins\/revslider\/sr6\/assets\/assets\/dummy.png\" alt=\"\" class=\"disable-lazyload tp-rs-img rs-lazyload\" width=\"50\" height=\"50\" data-lazyload=\"\/\/edelvital.com\/wp-content\/uploads\/2021\/07\/scroll-down.jpg\" data-no-retina> \n\t\t\t\t\t\t\t<\/rs-layer><!--\n\n\t\t\t\t\t\t\t--><rs-layer\n\t\t\t\t\t\t\t\tid=\"slider-53-slide-61-layer-1\" \n\t\t\t\t\t\t\t\tdata-type=\"text\"\n\t\t\t\t\t\t\t\tdata-color=\"#0c0c0c\"\n\t\t\t\t\t\t\t\tdata-xy=\"xo:48px,48px,34px,34px;y:m;yo:-99px,-99px,-88px,-88px;\"\n\t\t\t\t\t\t\t\tdata-text=\"w:normal;s:64,64,48,48;l:72,72,52,52;fw:700;\"\n\t\t\t\t\t\t\t\tdata-dim=\"w:873px,873px,592px,592px;\"\n\t\t\t\t\t\t\t\tdata-rsp_o=\"off\"\n\t\t\t\t\t\t\t\tdata-rsp_bd=\"off\"\n\t\t\t\t\t\t\t\tdata-frame_1=\"sp:0;\"\n\t\t\t\t\t\t\t\tdata-frame_999=\"o:0;st:w;sp:0;sR:8950;\"\n\t\t\t\t\t\t\t\tstyle=\"z-index:12;background-color:rgba(255,255,255,0);font-family:'Arial', 'Helvetica', 'sans-serif';\"\n\t\t\t\t\t\t\t><div style=\"font-family:Helvetica;\"> AMH-Schnelltest <br>auf die ovarielle <br>Funktionsreserve<\/div> \n\t\t\t\t\t\t\t<\/rs-layer><!--\n\n\t\t\t\t\t\t\t--><rs-layer\n\t\t\t\t\t\t\t\tid=\"slider-53-slide-61-layer-2\" \n\t\t\t\t\t\t\t\tdata-type=\"text\"\n\t\t\t\t\t\t\t\tdata-color=\"#0c0c0c\"\n\t\t\t\t\t\t\t\tdata-xy=\"xo:590px,590px,34px,34px;y:m;yo:-26px,-26px,16px,16px;\"\n\t\t\t\t\t\t\t\tdata-text=\"w:normal;s:64,64,48,48;l:72,72,52,52;fw:300;\"\n\t\t\t\t\t\t\t\tdata-dim=\"w:873px,873px,592px,592px;\"\n\t\t\t\t\t\t\t\tdata-rsp_o=\"off\"\n\t\t\t\t\t\t\t\tdata-rsp_bd=\"off\"\n\t\t\t\t\t\t\t\tdata-frame_1=\"sp:0;\"\n\t\t\t\t\t\t\t\tdata-frame_999=\"o:0;st:w;sp:0;sR:8950;\"\n\t\t\t\t\t\t\t\tstyle=\"z-index:11;background-color:rgba(255,255,255,0);font-family:'Arial', 'Helvetica', 'sans-serif';\"\n\t\t\t\t\t\t\t><div style=\"font-family:Helvetica;\">(Mobile,<\/div> \n\t\t\t\t\t\t\t<\/rs-layer><!--\n\n\t\t\t\t\t\t\t--><rs-layer\n\t\t\t\t\t\t\t\tid=\"slider-53-slide-61-layer-3\" \n\t\t\t\t\t\t\t\tdata-type=\"text\"\n\t\t\t\t\t\t\t\tdata-color=\"#0c0c0c\"\n\t\t\t\t\t\t\t\tdata-xy=\"xo:50px,50px,34px,34px;y:m;yo:81px,81px,94px,94px;\"\n\t\t\t\t\t\t\t\tdata-text=\"w:normal;s:64,64,48,48;l:72,72,52,52;fw:300;\"\n\t\t\t\t\t\t\t\tdata-dim=\"w:873px,873px,592px,592px;\"\n\t\t\t\t\t\t\t\tdata-rsp_o=\"off\"\n\t\t\t\t\t\t\t\tdata-rsp_bd=\"off\"\n\t\t\t\t\t\t\t\tdata-frame_1=\"sp:0;\"\n\t\t\t\t\t\t\t\tdata-frame_999=\"o:0;st:w;sp:0;sR:8950;\"\n\t\t\t\t\t\t\t\tstyle=\"z-index:10;background-color:rgba(255,255,255,0);font-family:'Arial', 'Helvetica', 'sans-serif';\"\n\t\t\t\t\t\t\t><div style=\"font-family:Helvetica;\"> miniaturisierte Fluoreszenz-Immunchromatographie)<\/div> \n\t\t\t\t\t\t\t<\/rs-layer><!--\n\n\t\t\t\t\t\t\t--><rs-layer\n\t\t\t\t\t\t\t\tid=\"slider-53-slide-61-layer-4\" \n\t\t\t\t\t\t\t\tdata-type=\"text\"\n\t\t\t\t\t\t\t\tdata-color=\"#0c0c0c\"\n\t\t\t\t\t\t\t\tdata-rsp_ch=\"on\"\n\t\t\t\t\t\t\t\tdata-xy=\"x:c;y:b;yo:140px,140px,98px,98px;\"\n\t\t\t\t\t\t\t\tdata-text=\"w:normal;s:18,18,12,12;l:18,18,12,12;a:center;\"\n\t\t\t\t\t\t\t\tdata-dim=\"w:103px,103px,72px,72px;\"\n\t\t\t\t\t\t\t\tdata-frame_1=\"sp:0;\"\n\t\t\t\t\t\t\t\tdata-frame_999=\"o:0;st:w;sp:0;sR:8950;\"\n\t\t\t\t\t\t\t\tstyle=\"z-index:9;background-color:rgba(255,255,255,0);font-family:'Arial', 'Helvetica', 'sans-serif';\"\n\t\t\t\t\t\t\t><div style=\"font-family:Helvetica;\">Scroll down<\/div> \n\t\t\t\t\t\t\t<\/rs-layer><!--\n\n\t\t\t\t\t\t\t--><rs-layer\n\t\t\t\t\t\t\t\tid=\"slider-53-slide-61-layer-5\" \n\t\t\t\t\t\t\t\tclass=\"rs-pxl-3\"\n\t\t\t\t\t\t\t\tdata-type=\"image\"\n\t\t\t\t\t\t\t\tdata-rsp_ch=\"on\"\n\t\t\t\t\t\t\t\tdata-xy=\"x:c;xo:-70px,-70px,0,-70px;y:m;yo:-1px,-1px,0,-1px;\"\n\t\t\t\t\t\t\t\tdata-text=\"w:normal;s:20,20,13,13;l:0,0,17,17;\"\n\t\t\t\t\t\t\t\tdata-dim=\"w:1923px,1923px,1359px,1359px;h:1030px,1030px,727px,727px;\"\n\t\t\t\t\t\t\t\tdata-frame_999=\"o:0;st:w;\"\n\t\t\t\t\t\t\t\tstyle=\"z-index:8;\"\n\t\t\t\t\t\t\t><img decoding=\"async\" src=\"\/\/edelvital.com\/wp-content\/plugins\/revslider\/sr6\/assets\/assets\/dummy.png\" alt=\"\" class=\"disable-lazyload tp-rs-img rs-lazyload\" width=\"2560\" height=\"1371\" data-lazyload=\"\/\/edelvital.com\/wp-content\/uploads\/2021\/09\/Product-POC-Analyzer-Test-Kit-Title-Background-scaled-Kopie.jpg\" data-no-retina> \n\t\t\t\t\t\t\t<\/rs-layer><!--\n\n\t\t\t\t\t\t\t--><rs-layer\n\t\t\t\t\t\t\t\tid=\"slider-53-slide-61-layer-6\" \n\t\t\t\t\t\t\t\tdata-type=\"text\"\n\t\t\t\t\t\t\t\tdata-color=\"#0c0c0c\"\n\t\t\t\t\t\t\t\tdata-xy=\"xo:56px,56px,34px,34px;y:m;yo:345px,345px,184px,184px;\"\n\t\t\t\t\t\t\t\tdata-text=\"w:normal;s:28,28,21,21;l:34,34,26,26;\"\n\t\t\t\t\t\t\t\tdata-dim=\"w:873px,873px,592px,592px;\"\n\t\t\t\t\t\t\t\tdata-rsp_o=\"off\"\n\t\t\t\t\t\t\t\tdata-rsp_bd=\"off\"\n\t\t\t\t\t\t\t\tdata-frame_1=\"sp:0;\"\n\t\t\t\t\t\t\t\tdata-frame_999=\"o:0;st:w;sp:0;sR:8950;\"\n\t\t\t\t\t\t\t\tstyle=\"z-index:13;background-color:rgba(255,255,255,0);font-family:'Arial', 'Helvetica', 'sans-serif';\"\n\t\t\t\t\t\t\t><div style=\"font-family:Helvetica;\">Der Gold-Standard in der quantitativen <br>Point-of-Care-Diagnostik<\/div> \n\t\t\t\t\t\t\t<\/rs-layer><!--\n-->\t\t\t\t\t<\/rs-slide>\n\t\t\t\t\t<\/rs-slides>\n\t\t\t\t<\/rs-module>\n\t\t\t\t<script>\n\t\t\t\t\tsetREVStartSize({c: 'rev_slider_53_1',rl:[1240,1240,778,778],el:[1000,1000,900,900],gw:[1100,1100,778,778],gh:[1000,1000,900,900],type:'hero',justify:'',layout:'fullwidth',mh:\"0\"});if (window.RS_MODULES!==undefined && window.RS_MODULES.modules!==undefined && window.RS_MODULES.modules[\"revslider531\"]!==undefined) {window.RS_MODULES.modules[\"revslider531\"].once = false;window.revapi53 = undefined;if (window.RS_MODULES.checkMinimal!==undefined) window.RS_MODULES.checkMinimal()}\n\t\t\t\t<\/script>\n\t\t\t<\/rs-module-wrap>\n\t\t\t<!-- END REVOLUTION SLIDER -->\n<\/div><\/div><\/div><\/div><\/div><div class=\"fusion-fullwidth fullwidth-box fusion-builder-row-2 fusion-flex-container hundred-percent-fullwidth non-hundred-percent-height-scrolling\" style=\"--awb-border-radius-top-left:0px;--awb-border-radius-top-right:0px;--awb-border-radius-bottom-right:0px;--awb-border-radius-bottom-left:0px;--awb-margin-top:100px;--awb-margin-top-medium:100px;--awb-margin-top-small:100px;--awb-flex-wrap:wrap;\" ><div class=\"fusion-builder-row fusion-row fusion-flex-align-items-flex-start fusion-flex-content-wrap\" style=\"width:104% !important;max-width:104% !important;margin-left: calc(-4% \/ 2 );margin-right: calc(-4% \/ 2 );\"><div class=\"fusion-layout-column fusion_builder_column fusion-builder-column-1 fusion_builder_column_1_2 1_2 fusion-flex-column\" style=\"--awb-bg-position:center center;--awb-bg-size:cover;--awb-width-large:50%;--awb-margin-top-large:0px;--awb-spacing-right-large:0px;--awb-margin-bottom-large:20px;--awb-spacing-left-large:0px;--awb-width-medium:50%;--awb-order-medium:0;--awb-spacing-right-medium:0px;--awb-spacing-left-medium:0px;--awb-width-small:100%;--awb-order-small:0;--awb-spacing-right-small:0px;--awb-spacing-left-small:0px;\"><div class=\"fusion-column-wrapper lazyload fusion-column-has-shadow fusion-flex-justify-content-flex-start fusion-content-layout-column fusion-column-has-bg-image\" data-bg-url=\"https:\/\/edelvital.com\/wp-content\/uploads\/2021\/09\/ovarian-reserve-test.jpg\" data-bg=\"https:\/\/edelvital.com\/wp-content\/uploads\/2021\/09\/ovarian-reserve-test.jpg\"><div class=\"fusion-separator fusion-full-width-sep\" style=\"align-self: center;margin-left: auto;margin-right: auto;margin-top:670px;width:100%;\"><\/div><\/div><\/div><div class=\"fusion-layout-column fusion_builder_column fusion-builder-column-2 fusion_builder_column_1_2 1_2 fusion-flex-column\" style=\"--awb-padding-right:30px;--awb-padding-left:30px;--awb-bg-size:cover;--awb-width-large:50%;--awb-margin-top-large:0px;--awb-spacing-right-large:3.84%;--awb-margin-bottom-large:20px;--awb-spacing-left-large:3.84%;--awb-width-medium:50%;--awb-order-medium:0;--awb-spacing-right-medium:3.84%;--awb-spacing-left-medium:3.84%;--awb-width-small:100%;--awb-order-small:0;--awb-spacing-right-small:1.92%;--awb-spacing-left-small:1.92%;\"><div class=\"fusion-column-wrapper fusion-column-has-shadow fusion-flex-justify-content-flex-start fusion-content-layout-column\"><div class=\"fusion-separator fusion-full-width-sep\" style=\"align-self: center;margin-left: auto;margin-right: auto;margin-top:70px;width:100%;\"><\/div><div class=\"fusion-title title fusion-title-1 fusion-sep-none fusion-title-text fusion-title-size-two\"><h2 class=\"fusion-title-heading title-heading-left fusion-responsive-typography-calculated\" style=\"margin:0;--fontSize:36;line-height:1.3;\">Test der ovariellen Funktionsreserve<\/h2><\/div><div class=\"fusion-text fusion-text-1\" style=\"--awb-text-transform:none;\"><p>Der EDELVITAL\u2122 AMH-Schnelltest auf die ovarielle Funktionsreserve ist ein Fluoreszenz-Immunoassay-Analyseger\u00e4t, das sich auf das Reproduktsionspotenzial bezieht, das die beiden Eierst\u00f6cke einer Frau aufweisen, und basiert auf der Anzahl der verbleibenden Eizellen und deren Qualit\u00e4t. Eine verminderte ovarielle Funktionsreserve bezieht sich auf den Verlust des normalen Fruchtbarkeitspotenzials in den Eierst\u00f6cken aufgrund des Alters, einer geringeren Anzahl oder einer ungen\u00fcgenden Qualit\u00e4t der verbleibenden Eizellen.<br \/>\nDer quantitative Schnelltest detektiert das Anti-M\u00fcller-Hormon, AMH. Die AMH-Spiegel korrelieren stark mit der basalen antralen Follikelanzahl (AFC), die durch transvaginale Sonographie gemessen wird.<\/p>\n<p>Der Test ist z.B. als Screening-Test bei der Familienplanung, unerf\u00fclltem Kinderwunsch und einer Sterilit\u00e4tstherapie relevant. AMH weist auch auf einen \u00dcbergang zur Perimenopause innerhalb eines Zeitraumes von drei bis f\u00fcnf Jahren hin.<\/p>\n<p>Der EDELVITAL\u2122 AMH-Schnelltest kann jederzeit w\u00e4hrend des Menstruationszyklus angewendet werden, liefert zuverl\u00e4ssige Ergebnisse innerhalb von 15 Minuten und gibt Aufschluss \u00fcber das Fruchtbarkeitspotenzial, das bei den meisten Frauen mit zunehmendem Alter kontinuierlich abnimmt. Eine AMH-Messung ist auch bei M\u00e4nnern in Zusammenhang mit vorzeitiger bzw. verz\u00f6gerter Pubert\u00e4t, Hodenhochstand etc. angezeigt.<\/p>\n<\/div><div class=\"fusion-separator fusion-no-small-visibility fusion-full-width-sep\" style=\"align-self: center;margin-left: auto;margin-right: auto;margin-top:100px;width:100%;\"><\/div><\/div><\/div><\/div><\/div><div class=\"fusion-bg-parallax\" data-bg-align=\"center center\" data-direction=\"up\" data-mute=\"false\" data-opacity=\"100\" data-velocity=\"-0.3\" data-mobile-enabled=\"false\" data-break_parents=\"0\" data-bg-image=\"https:\/\/edelvital.com\/wp-content\/uploads\/2021\/07\/Background-glasses.jpg\" data-bg-repeat=\"false\" data-bg-color=\"#f7f7f7\" ><\/div><div class=\"fusion-fullwidth fullwidth-box fusion-builder-row-3 fusion-flex-container fusion-parallax-up hundred-percent-fullwidth non-hundred-percent-height-scrolling lazyload\" style=\"--awb-border-radius-top-left:0px;--awb-border-radius-top-right:0px;--awb-border-radius-bottom-right:0px;--awb-border-radius-bottom-left:0px;--awb-margin-top:200px;--awb-background-color:#f7f7f7;--awb-background-size:cover;--awb-flex-wrap:wrap;\" data-bg=\"https:\/\/edelvital.com\/wp-content\/uploads\/2021\/07\/Background-glasses.jpg\" ><div class=\"fusion-builder-row fusion-row fusion-flex-align-items-flex-start fusion-flex-content-wrap\" style=\"width:104% !important;max-width:104% !important;margin-left: calc(-4% \/ 2 );margin-right: calc(-4% \/ 2 );\"><div class=\"fusion-layout-column fusion_builder_column fusion-builder-column-3 fusion_builder_column_1_1 1_1 fusion-flex-column\" style=\"--awb-bg-size:cover;--awb-width-large:100%;--awb-margin-top-large:0px;--awb-spacing-right-large:1.92%;--awb-margin-bottom-large:20px;--awb-spacing-left-large:1.92%;--awb-width-medium:100%;--awb-order-medium:0;--awb-spacing-right-medium:1.92%;--awb-spacing-left-medium:1.92%;--awb-width-small:100%;--awb-order-small:0;--awb-spacing-right-small:1.92%;--awb-spacing-left-small:1.92%;\"><div class=\"fusion-column-wrapper fusion-column-has-shadow fusion-flex-justify-content-flex-start fusion-content-layout-column\"><div class=\"fusion-separator fusion-full-width-sep\" style=\"align-self: center;margin-left: auto;margin-right: auto;margin-top:150px;width:100%;\"><\/div><div class=\"fusion-title title fusion-title-2 fusion-sep-none fusion-title-center fusion-title-text fusion-title-size-one\" style=\"--awb-font-size:15px;\"><h1 class=\"fusion-title-heading title-heading-center fusion-responsive-typography-calculated\" style=\"font-family:&quot;Helvetica&quot;;font-style:normal;font-weight:400;margin:0;letter-spacing:2px;font-size:1em;--fontSize:15;--minFontSize:15;line-height:1.3;\">F\u00dcR ANFRAGEN KONTAKTIEREN SIE UNS BITTE DIREKT<\/h1><\/div><div class=\"fusion-title title fusion-title-3 fusion-sep-none fusion-title-center fusion-title-text fusion-title-size-two\" style=\"--awb-margin-bottom:35px;--awb-margin-bottom-small:40px;--awb-margin-bottom-medium:45px;--awb-font-size:2.8em;\"><h2 class=\"fusion-title-heading title-heading-center fusion-responsive-typography-calculated\" style=\"font-family:&quot;Helvetica&quot;;font-style:normal;font-weight:400;margin:0;font-size:1em;--fontSize:50.4;line-height:1.3;\">Kontaktiere uns<\/h2><\/div><div style=\"text-align:center;\"><a class=\"fusion-button button-flat button-large button-default fusion-button-default button-1 fusion-button-default-span fusion-button-default-type\" target=\"_self\" href=\"https:\/\/edelvital.com\/de\/kontakt\"><span class=\"fusion-button-text awb-button__text awb-button__text--default\">Kontakt<\/span><\/a><\/div><div class=\"fusion-separator fusion-full-width-sep\" style=\"align-self: center;margin-left: auto;margin-right: auto;margin-top:150px;width:100%;\"><\/div><\/div><\/div><\/div><\/div>\n<\/p>\n","protected":false},"excerpt":{"rendered":"","protected":false},"author":2,"featured_media":0,"parent":0,"menu_order":0,"comment_status":"closed","ping_status":"closed","template":"100-width.php","meta":{"footnotes":""},"class_list":["post-3831","page","type-page","status-publish","hentry"],"yoast_head":"<!-- This site is optimized with the Yoast SEO plugin v26.8 - https:\/\/yoast.com\/product\/yoast-seo-wordpress\/ -->\n<title>EDELVITAL\u2122 Ovarian Reserve AMH Test -<\/title>\n<meta name=\"robots\" content=\"index, follow, max-snippet:-1, max-image-preview:large, max-video-preview:-1\" \/>\n<link rel=\"canonical\" href=\"https:\/\/edelvital.com\/de\/ovarian-reserve-amh-test\/\" \/>\n<meta property=\"og:locale\" content=\"de_DE\" \/>\n<meta property=\"og:type\" content=\"article\" \/>\n<meta property=\"og:title\" content=\"EDELVITAL\u2122 Ovarian Reserve AMH Test -\" \/>\n<meta property=\"og:url\" content=\"https:\/\/edelvital.com\/de\/ovarian-reserve-amh-test\/\" \/>\n<meta property=\"og:site_name\" content=\"EDELVITAL\u2122\" \/>\n<meta property=\"article:modified_time\" content=\"2021-11-05T08:01:23+00:00\" \/>\n<meta name=\"twitter:card\" content=\"summary_large_image\" \/>\n<script type=\"application\/ld+json\" class=\"yoast-schema-graph\">{\"@context\":\"https:\/\/schema.org\",\"@graph\":[{\"@type\":\"WebPage\",\"@id\":\"https:\/\/edelvital.com\/de\/ovarian-reserve-amh-test\/\",\"url\":\"https:\/\/edelvital.com\/de\/ovarian-reserve-amh-test\/\",\"name\":\"EDELVITAL\u2122 Ovarian Reserve AMH Test -\",\"isPartOf\":{\"@id\":\"https:\/\/edelvital.com\/de\/#website\"},\"datePublished\":\"2021-09-17T11:34:40+00:00\",\"dateModified\":\"2021-11-05T08:01:23+00:00\",\"breadcrumb\":{\"@id\":\"https:\/\/edelvital.com\/de\/ovarian-reserve-amh-test\/#breadcrumb\"},\"inLanguage\":\"de\",\"potentialAction\":[{\"@type\":\"ReadAction\",\"target\":[\"https:\/\/edelvital.com\/de\/ovarian-reserve-amh-test\/\"]}]},{\"@type\":\"BreadcrumbList\",\"@id\":\"https:\/\/edelvital.com\/de\/ovarian-reserve-amh-test\/#breadcrumb\",\"itemListElement\":[{\"@type\":\"ListItem\",\"position\":1,\"name\":\"Startseite\",\"item\":\"https:\/\/edelvital.com\/de\/\"},{\"@type\":\"ListItem\",\"position\":2,\"name\":\"Ovarian Reserve AMH Test\"}]},{\"@type\":\"WebSite\",\"@id\":\"https:\/\/edelvital.com\/de\/#website\",\"url\":\"https:\/\/edelvital.com\/de\/\",\"name\":\"EDELVITAL\u2122\",\"description\":\"Certified Sars-CoV-2 Tests\",\"publisher\":{\"@id\":\"https:\/\/edelvital.com\/de\/#organization\"},\"potentialAction\":[{\"@type\":\"SearchAction\",\"target\":{\"@type\":\"EntryPoint\",\"urlTemplate\":\"https:\/\/edelvital.com\/de\/?s={search_term_string}\"},\"query-input\":{\"@type\":\"PropertyValueSpecification\",\"valueRequired\":true,\"valueName\":\"search_term_string\"}}],\"inLanguage\":\"de\"},{\"@type\":\"Organization\",\"@id\":\"https:\/\/edelvital.com\/de\/#organization\",\"name\":\"EDELVITAL\u2122\",\"url\":\"https:\/\/edelvital.com\/de\/\",\"logo\":{\"@type\":\"ImageObject\",\"inLanguage\":\"de\",\"@id\":\"https:\/\/edelvital.com\/de\/#\/schema\/logo\/image\/\",\"url\":\"https:\/\/edelvital.com\/wp-content\/uploads\/2021\/07\/Edelvital-Corona-Tests-Logo-L.png\",\"contentUrl\":\"https:\/\/edelvital.com\/wp-content\/uploads\/2021\/07\/Edelvital-Corona-Tests-Logo-L.png\",\"width\":400,\"height\":100,\"caption\":\"EDELVITAL\u2122\"},\"image\":{\"@id\":\"https:\/\/edelvital.com\/de\/#\/schema\/logo\/image\/\"}}]}<\/script>\n<!-- \/ Yoast SEO plugin. -->","yoast_head_json":{"title":"EDELVITAL\u2122 Ovarian Reserve AMH Test -","robots":{"index":"index","follow":"follow","max-snippet":"max-snippet:-1","max-image-preview":"max-image-preview:large","max-video-preview":"max-video-preview:-1"},"canonical":"https:\/\/edelvital.com\/de\/ovarian-reserve-amh-test\/","og_locale":"de_DE","og_type":"article","og_title":"EDELVITAL\u2122 Ovarian Reserve AMH Test -","og_url":"https:\/\/edelvital.com\/de\/ovarian-reserve-amh-test\/","og_site_name":"EDELVITAL\u2122","article_modified_time":"2021-11-05T08:01:23+00:00","twitter_card":"summary_large_image","schema":{"@context":"https:\/\/schema.org","@graph":[{"@type":"WebPage","@id":"https:\/\/edelvital.com\/de\/ovarian-reserve-amh-test\/","url":"https:\/\/edelvital.com\/de\/ovarian-reserve-amh-test\/","name":"EDELVITAL\u2122 Ovarian Reserve AMH Test -","isPartOf":{"@id":"https:\/\/edelvital.com\/de\/#website"},"datePublished":"2021-09-17T11:34:40+00:00","dateModified":"2021-11-05T08:01:23+00:00","breadcrumb":{"@id":"https:\/\/edelvital.com\/de\/ovarian-reserve-amh-test\/#breadcrumb"},"inLanguage":"de","potentialAction":[{"@type":"ReadAction","target":["https:\/\/edelvital.com\/de\/ovarian-reserve-amh-test\/"]}]},{"@type":"BreadcrumbList","@id":"https:\/\/edelvital.com\/de\/ovarian-reserve-amh-test\/#breadcrumb","itemListElement":[{"@type":"ListItem","position":1,"name":"Startseite","item":"https:\/\/edelvital.com\/de\/"},{"@type":"ListItem","position":2,"name":"Ovarian Reserve AMH Test"}]},{"@type":"WebSite","@id":"https:\/\/edelvital.com\/de\/#website","url":"https:\/\/edelvital.com\/de\/","name":"EDELVITAL\u2122","description":"Certified Sars-CoV-2 Tests","publisher":{"@id":"https:\/\/edelvital.com\/de\/#organization"},"potentialAction":[{"@type":"SearchAction","target":{"@type":"EntryPoint","urlTemplate":"https:\/\/edelvital.com\/de\/?s={search_term_string}"},"query-input":{"@type":"PropertyValueSpecification","valueRequired":true,"valueName":"search_term_string"}}],"inLanguage":"de"},{"@type":"Organization","@id":"https:\/\/edelvital.com\/de\/#organization","name":"EDELVITAL\u2122","url":"https:\/\/edelvital.com\/de\/","logo":{"@type":"ImageObject","inLanguage":"de","@id":"https:\/\/edelvital.com\/de\/#\/schema\/logo\/image\/","url":"https:\/\/edelvital.com\/wp-content\/uploads\/2021\/07\/Edelvital-Corona-Tests-Logo-L.png","contentUrl":"https:\/\/edelvital.com\/wp-content\/uploads\/2021\/07\/Edelvital-Corona-Tests-Logo-L.png","width":400,"height":100,"caption":"EDELVITAL\u2122"},"image":{"@id":"https:\/\/edelvital.com\/de\/#\/schema\/logo\/image\/"}}]}},"_links":{"self":[{"href":"https:\/\/edelvital.com\/de\/wp-json\/wp\/v2\/pages\/3831","targetHints":{"allow":["GET"]}}],"collection":[{"href":"https:\/\/edelvital.com\/de\/wp-json\/wp\/v2\/pages"}],"about":[{"href":"https:\/\/edelvital.com\/de\/wp-json\/wp\/v2\/types\/page"}],"author":[{"embeddable":true,"href":"https:\/\/edelvital.com\/de\/wp-json\/wp\/v2\/users\/2"}],"replies":[{"embeddable":true,"href":"https:\/\/edelvital.com\/de\/wp-json\/wp\/v2\/comments?post=3831"}],"version-history":[{"count":4,"href":"https:\/\/edelvital.com\/de\/wp-json\/wp\/v2\/pages\/3831\/revisions"}],"predecessor-version":[{"id":3871,"href":"https:\/\/edelvital.com\/de\/wp-json\/wp\/v2\/pages\/3831\/revisions\/3871"}],"wp:attachment":[{"href":"https:\/\/edelvital.com\/de\/wp-json\/wp\/v2\/media?parent=3831"}],"curies":[{"name":"wp","href":"https:\/\/api.w.org\/{rel}","templated":true}]}}