{"id":3878,"date":"2021-11-04T22:00:14","date_gmt":"2021-11-04T21:00:14","guid":{"rendered":"https:\/\/edelvital.com\/?page_id=3878"},"modified":"2021-11-05T08:26:35","modified_gmt":"2021-11-05T07:26:35","slug":"ueber-uns","status":"publish","type":"page","link":"https:\/\/edelvital.com\/de\/ueber-uns\/","title":{"rendered":"\u00dcber uns"},"content":{"rendered":"<p><div class=\"fusion-fullwidth fullwidth-box fusion-builder-row-1 fusion-flex-container nonhundred-percent-fullwidth non-hundred-percent-height-scrolling\" style=\"--awb-border-radius-top-left:0px;--awb-border-radius-top-right:0px;--awb-border-radius-bottom-right:0px;--awb-border-radius-bottom-left:0px;--awb-padding-top:0px;--awb-padding-bottom:0px;--awb-padding-top-medium:30px;--awb-padding-bottom-medium:60px;--awb-margin-top:0px;--awb-margin-bottom:0px;--awb-flex-wrap:wrap;\" ><div class=\"fusion-builder-row fusion-row fusion-flex-align-items-stretch fusion-flex-justify-content-space-evenly fusion-flex-content-wrap\" style=\"max-width:1040px;margin-left: calc(-4% \/ 2 );margin-right: calc(-4% \/ 2 );\"><div class=\"fusion-layout-column fusion_builder_column fusion-builder-column-0 fusion_builder_column_1_1 1_1 fusion-flex-column fusion-animated\" style=\"--awb-padding-top:60px;--awb-padding-bottom:60px;--awb-bg-size:cover;--awb-width-large:100%;--awb-margin-top-large:0px;--awb-spacing-right-large:1.92%;--awb-margin-bottom-large:0px;--awb-spacing-left-large:1.92%;--awb-width-medium:50%;--awb-order-medium:0;--awb-spacing-right-medium:3.84%;--awb-spacing-left-medium:3.84%;--awb-width-small:100%;--awb-order-small:0;--awb-spacing-right-small:1.92%;--awb-spacing-left-small:1.92%;\" data-animationType=\"fadeInRight\" data-animationDuration=\"0.8\" data-animationOffset=\"top-into-view\"><div class=\"fusion-column-wrapper fusion-column-has-shadow fusion-flex-justify-content-flex-start fusion-content-layout-block\"><div class=\"fusion-separator fusion-full-width-sep\" style=\"align-self: center;margin-left: auto;margin-right: auto;margin-top:100px;width:100%;\"><\/div><div class=\"fusion-title title fusion-title-1 fusion-sep-none fusion-title-center fusion-title-text fusion-title-size-two\"><h2 class=\"fusion-title-heading title-heading-center fusion-responsive-typography-calculated\" style=\"margin:0;--fontSize:36;line-height:1.3;\"><p style=\"text-align: center;\">\u00dcber uns<\/p><\/h2><\/div><div class=\"fusion-text fusion-text-1\" style=\"--awb-text-transform:none;\"><p style=\"text-align: center;\">EDELVITAL\u2122 ist das Markenzeichen eines medizinisch registrierten \u00f6sterreichischen Unternehmens, das sich auf einzigartige medizinische Diagnosel\u00f6sungen spezialisiert hat. Zusammen mit ihren Partnerlabors und in Kooperation mit der Medizinischen Universit\u00e4t Wien f\u00fchren sie klinische Studien und Bewertungsbewertungen zu Produkten durch, die ihrer Meinung nach der Aufmerksamkeit der \u00c4rzteschaft w\u00fcrdig erscheinen.<\/p>\n<p style=\"text-align: center;\">Das Unternehmen hat sich in letzter Zeit auf die Pathogendiagnostik konzentriert und dadurch innovative L\u00f6sungen f\u00fcr die aktuelle SARS-CoV-2-Krise eingef\u00fchrt.<\/p>\n<\/div><div class=\"fusion-separator fusion-full-width-sep\" style=\"align-self: center;margin-left: auto;margin-right: auto;margin-top:100px;width:100%;\"><\/div><\/div><\/div><\/div><\/div><div class=\"fusion-bg-parallax\" data-bg-align=\"center center\" data-direction=\"up\" data-mute=\"false\" data-opacity=\"100\" data-velocity=\"-0.3\" data-mobile-enabled=\"false\" data-break_parents=\"0\" data-bg-image=\"https:\/\/edelvital.com\/wp-content\/uploads\/2021\/07\/Background-glasses.jpg\" data-bg-repeat=\"false\" data-bg-color=\"#f7f7f7\" ><\/div><div class=\"fusion-fullwidth fullwidth-box fusion-builder-row-2 fusion-flex-container fusion-parallax-up hundred-percent-fullwidth non-hundred-percent-height-scrolling lazyload\" style=\"--awb-border-radius-top-left:0px;--awb-border-radius-top-right:0px;--awb-border-radius-bottom-right:0px;--awb-border-radius-bottom-left:0px;--awb-margin-top:200px;--awb-background-color:#f7f7f7;--awb-background-size:cover;--awb-flex-wrap:wrap;\" data-bg=\"https:\/\/edelvital.com\/wp-content\/uploads\/2021\/07\/Background-glasses.jpg\" ><div class=\"fusion-builder-row fusion-row fusion-flex-align-items-flex-start fusion-flex-content-wrap\" style=\"width:104% !important;max-width:104% !important;margin-left: calc(-4% \/ 2 );margin-right: calc(-4% \/ 2 );\"><div class=\"fusion-layout-column fusion_builder_column fusion-builder-column-1 fusion_builder_column_1_1 1_1 fusion-flex-column\" style=\"--awb-bg-size:cover;--awb-width-large:100%;--awb-margin-top-large:0px;--awb-spacing-right-large:1.92%;--awb-margin-bottom-large:20px;--awb-spacing-left-large:1.92%;--awb-width-medium:100%;--awb-order-medium:0;--awb-spacing-right-medium:1.92%;--awb-spacing-left-medium:1.92%;--awb-width-small:100%;--awb-order-small:0;--awb-spacing-right-small:1.92%;--awb-spacing-left-small:1.92%;\"><div class=\"fusion-column-wrapper fusion-column-has-shadow fusion-flex-justify-content-flex-start fusion-content-layout-column\"><div class=\"fusion-separator fusion-full-width-sep\" style=\"align-self: center;margin-left: auto;margin-right: auto;margin-top:150px;width:100%;\"><\/div><div class=\"fusion-title title fusion-title-2 fusion-sep-none fusion-title-center fusion-title-text fusion-title-size-one\" style=\"--awb-font-size:15px;\"><h1 class=\"fusion-title-heading title-heading-center fusion-responsive-typography-calculated\" style=\"font-family:&quot;Helvetica&quot;;font-style:normal;font-weight:400;margin:0;letter-spacing:2px;font-size:1em;--fontSize:15;--minFontSize:15;line-height:1.3;\">F\u00dcR ANFRAGEN KONTAKTIEREN SIE UNS BITTE DIREKT<\/h1><\/div><div class=\"fusion-title title fusion-title-3 fusion-sep-none fusion-title-center fusion-title-text fusion-title-size-two\" style=\"--awb-margin-bottom:35px;--awb-margin-bottom-small:40px;--awb-margin-bottom-medium:45px;--awb-font-size:2.8em;\"><h2 class=\"fusion-title-heading title-heading-center fusion-responsive-typography-calculated\" style=\"font-family:&quot;Helvetica&quot;;font-style:normal;font-weight:400;margin:0;font-size:1em;--fontSize:50.4;line-height:1.3;\">Kontaktiere uns<\/h2><\/div><div style=\"text-align:center;\"><a class=\"fusion-button button-flat button-large button-default fusion-button-default button-1 fusion-button-default-span fusion-button-default-type\" target=\"_self\" href=\"https:\/\/edelvital.com\/de\/kontakt\"><span class=\"fusion-button-text awb-button__text awb-button__text--default\">Kontakt<\/span><\/a><\/div><div class=\"fusion-separator fusion-full-width-sep\" style=\"align-self: center;margin-left: auto;margin-right: auto;margin-top:150px;width:100%;\"><\/div><\/div><\/div><\/div><\/div>\n<\/p>\n","protected":false},"excerpt":{"rendered":"","protected":false},"author":2,"featured_media":0,"parent":0,"menu_order":0,"comment_status":"closed","ping_status":"closed","template":"100-width.php","meta":{"footnotes":""},"class_list":["post-3878","page","type-page","status-publish","hentry"],"yoast_head":"<!-- This site is optimized with the Yoast SEO plugin v26.8 - https:\/\/yoast.com\/product\/yoast-seo-wordpress\/ -->\n<title>EDELVITAL\u2122 \u00dcber uns -<\/title>\n<meta name=\"robots\" content=\"index, follow, max-snippet:-1, max-image-preview:large, max-video-preview:-1\" \/>\n<link rel=\"canonical\" href=\"https:\/\/edelvital.com\/de\/ueber-uns\/\" \/>\n<meta property=\"og:locale\" content=\"de_DE\" \/>\n<meta property=\"og:type\" content=\"article\" \/>\n<meta property=\"og:title\" content=\"EDELVITAL\u2122 \u00dcber uns -\" \/>\n<meta property=\"og:url\" content=\"https:\/\/edelvital.com\/de\/ueber-uns\/\" \/>\n<meta property=\"og:site_name\" content=\"EDELVITAL\u2122\" \/>\n<meta property=\"article:modified_time\" content=\"2021-11-05T07:26:35+00:00\" \/>\n<meta name=\"twitter:card\" content=\"summary_large_image\" \/>\n<script type=\"application\/ld+json\" class=\"yoast-schema-graph\">{\"@context\":\"https:\/\/schema.org\",\"@graph\":[{\"@type\":\"WebPage\",\"@id\":\"https:\/\/edelvital.com\/de\/ueber-uns\/\",\"url\":\"https:\/\/edelvital.com\/de\/ueber-uns\/\",\"name\":\"EDELVITAL\u2122 \u00dcber uns -\",\"isPartOf\":{\"@id\":\"https:\/\/edelvital.com\/de\/#website\"},\"datePublished\":\"2021-11-04T21:00:14+00:00\",\"dateModified\":\"2021-11-05T07:26:35+00:00\",\"breadcrumb\":{\"@id\":\"https:\/\/edelvital.com\/de\/ueber-uns\/#breadcrumb\"},\"inLanguage\":\"de\",\"potentialAction\":[{\"@type\":\"ReadAction\",\"target\":[\"https:\/\/edelvital.com\/de\/ueber-uns\/\"]}]},{\"@type\":\"BreadcrumbList\",\"@id\":\"https:\/\/edelvital.com\/de\/ueber-uns\/#breadcrumb\",\"itemListElement\":[{\"@type\":\"ListItem\",\"position\":1,\"name\":\"Startseite\",\"item\":\"https:\/\/edelvital.com\/de\/\"},{\"@type\":\"ListItem\",\"position\":2,\"name\":\"\u00dcber uns\"}]},{\"@type\":\"WebSite\",\"@id\":\"https:\/\/edelvital.com\/de\/#website\",\"url\":\"https:\/\/edelvital.com\/de\/\",\"name\":\"EDELVITAL\u2122\",\"description\":\"Certified Sars-CoV-2 Tests\",\"publisher\":{\"@id\":\"https:\/\/edelvital.com\/de\/#organization\"},\"potentialAction\":[{\"@type\":\"SearchAction\",\"target\":{\"@type\":\"EntryPoint\",\"urlTemplate\":\"https:\/\/edelvital.com\/de\/?s={search_term_string}\"},\"query-input\":{\"@type\":\"PropertyValueSpecification\",\"valueRequired\":true,\"valueName\":\"search_term_string\"}}],\"inLanguage\":\"de\"},{\"@type\":\"Organization\",\"@id\":\"https:\/\/edelvital.com\/de\/#organization\",\"name\":\"EDELVITAL\u2122\",\"url\":\"https:\/\/edelvital.com\/de\/\",\"logo\":{\"@type\":\"ImageObject\",\"inLanguage\":\"de\",\"@id\":\"https:\/\/edelvital.com\/de\/#\/schema\/logo\/image\/\",\"url\":\"https:\/\/edelvital.com\/wp-content\/uploads\/2021\/07\/Edelvital-Corona-Tests-Logo-L.png\",\"contentUrl\":\"https:\/\/edelvital.com\/wp-content\/uploads\/2021\/07\/Edelvital-Corona-Tests-Logo-L.png\",\"width\":400,\"height\":100,\"caption\":\"EDELVITAL\u2122\"},\"image\":{\"@id\":\"https:\/\/edelvital.com\/de\/#\/schema\/logo\/image\/\"}}]}<\/script>\n<!-- \/ Yoast SEO plugin. -->","yoast_head_json":{"title":"EDELVITAL\u2122 \u00dcber uns -","robots":{"index":"index","follow":"follow","max-snippet":"max-snippet:-1","max-image-preview":"max-image-preview:large","max-video-preview":"max-video-preview:-1"},"canonical":"https:\/\/edelvital.com\/de\/ueber-uns\/","og_locale":"de_DE","og_type":"article","og_title":"EDELVITAL\u2122 \u00dcber uns -","og_url":"https:\/\/edelvital.com\/de\/ueber-uns\/","og_site_name":"EDELVITAL\u2122","article_modified_time":"2021-11-05T07:26:35+00:00","twitter_card":"summary_large_image","schema":{"@context":"https:\/\/schema.org","@graph":[{"@type":"WebPage","@id":"https:\/\/edelvital.com\/de\/ueber-uns\/","url":"https:\/\/edelvital.com\/de\/ueber-uns\/","name":"EDELVITAL\u2122 \u00dcber uns -","isPartOf":{"@id":"https:\/\/edelvital.com\/de\/#website"},"datePublished":"2021-11-04T21:00:14+00:00","dateModified":"2021-11-05T07:26:35+00:00","breadcrumb":{"@id":"https:\/\/edelvital.com\/de\/ueber-uns\/#breadcrumb"},"inLanguage":"de","potentialAction":[{"@type":"ReadAction","target":["https:\/\/edelvital.com\/de\/ueber-uns\/"]}]},{"@type":"BreadcrumbList","@id":"https:\/\/edelvital.com\/de\/ueber-uns\/#breadcrumb","itemListElement":[{"@type":"ListItem","position":1,"name":"Startseite","item":"https:\/\/edelvital.com\/de\/"},{"@type":"ListItem","position":2,"name":"\u00dcber uns"}]},{"@type":"WebSite","@id":"https:\/\/edelvital.com\/de\/#website","url":"https:\/\/edelvital.com\/de\/","name":"EDELVITAL\u2122","description":"Certified Sars-CoV-2 Tests","publisher":{"@id":"https:\/\/edelvital.com\/de\/#organization"},"potentialAction":[{"@type":"SearchAction","target":{"@type":"EntryPoint","urlTemplate":"https:\/\/edelvital.com\/de\/?s={search_term_string}"},"query-input":{"@type":"PropertyValueSpecification","valueRequired":true,"valueName":"search_term_string"}}],"inLanguage":"de"},{"@type":"Organization","@id":"https:\/\/edelvital.com\/de\/#organization","name":"EDELVITAL\u2122","url":"https:\/\/edelvital.com\/de\/","logo":{"@type":"ImageObject","inLanguage":"de","@id":"https:\/\/edelvital.com\/de\/#\/schema\/logo\/image\/","url":"https:\/\/edelvital.com\/wp-content\/uploads\/2021\/07\/Edelvital-Corona-Tests-Logo-L.png","contentUrl":"https:\/\/edelvital.com\/wp-content\/uploads\/2021\/07\/Edelvital-Corona-Tests-Logo-L.png","width":400,"height":100,"caption":"EDELVITAL\u2122"},"image":{"@id":"https:\/\/edelvital.com\/de\/#\/schema\/logo\/image\/"}}]}},"_links":{"self":[{"href":"https:\/\/edelvital.com\/de\/wp-json\/wp\/v2\/pages\/3878","targetHints":{"allow":["GET"]}}],"collection":[{"href":"https:\/\/edelvital.com\/de\/wp-json\/wp\/v2\/pages"}],"about":[{"href":"https:\/\/edelvital.com\/de\/wp-json\/wp\/v2\/types\/page"}],"author":[{"embeddable":true,"href":"https:\/\/edelvital.com\/de\/wp-json\/wp\/v2\/users\/2"}],"replies":[{"embeddable":true,"href":"https:\/\/edelvital.com\/de\/wp-json\/wp\/v2\/comments?post=3878"}],"version-history":[{"count":4,"href":"https:\/\/edelvital.com\/de\/wp-json\/wp\/v2\/pages\/3878\/revisions"}],"predecessor-version":[{"id":4004,"href":"https:\/\/edelvital.com\/de\/wp-json\/wp\/v2\/pages\/3878\/revisions\/4004"}],"wp:attachment":[{"href":"https:\/\/edelvital.com\/de\/wp-json\/wp\/v2\/media?parent=3878"}],"curies":[{"name":"wp","href":"https:\/\/api.w.org\/{rel}","templated":true}]}}