{"id":3922,"date":"2021-11-04T22:38:22","date_gmt":"2021-11-04T21:38:22","guid":{"rendered":"https:\/\/edelvital.com\/?page_id=3922"},"modified":"2021-11-25T11:01:09","modified_gmt":"2021-11-25T10:01:09","slug":"disclaimer","status":"publish","type":"page","link":"https:\/\/edelvital.com\/de\/disclaimer\/","title":{"rendered":"Disclaimer"},"content":{"rendered":"<div class=\"fusion-fullwidth fullwidth-box fusion-builder-row-1 fusion-flex-container nonhundred-percent-fullwidth non-hundred-percent-height-scrolling\" style=\"--awb-border-radius-top-left:0px;--awb-border-radius-top-right:0px;--awb-border-radius-bottom-right:0px;--awb-border-radius-bottom-left:0px;--awb-flex-wrap:wrap;\" ><div class=\"fusion-builder-row fusion-row fusion-flex-align-items-flex-start fusion-flex-content-wrap\" style=\"max-width:1040px;margin-left: calc(-4% \/ 2 );margin-right: calc(-4% \/ 2 );\"><div class=\"fusion-layout-column fusion_builder_column fusion-builder-column-0 fusion_builder_column_1_1 1_1 fusion-flex-column\" style=\"--awb-bg-size:cover;--awb-width-large:100%;--awb-margin-top-large:0px;--awb-spacing-right-large:1.92%;--awb-margin-bottom-large:0px;--awb-spacing-left-large:1.92%;--awb-width-medium:100%;--awb-spacing-right-medium:1.92%;--awb-spacing-left-medium:1.92%;--awb-width-small:100%;--awb-spacing-right-small:1.92%;--awb-spacing-left-small:1.92%;\"><div class=\"fusion-column-wrapper fusion-flex-justify-content-flex-start fusion-content-layout-column\"><div class=\"fusion-separator fusion-full-width-sep\" style=\"align-self: center;margin-left: auto;margin-right: auto;margin-top:100px;width:100%;\"><\/div><div class=\"fusion-title title fusion-title-1 fusion-sep-none fusion-title-text fusion-title-size-two\"><h2 class=\"fusion-title-heading title-heading-left fusion-responsive-typography-calculated\" style=\"margin:0;--fontSize:36;line-height:1.3;\">Disclaimer<\/h2><\/div><div class=\"fusion-text fusion-text-1\" style=\"--awb-text-transform:none;\"><p><!-- Legal document generated by Complianz | GDPR\/CCPA Cookie Consent https:\/\/wordpress.org\/plugins\/complianz-gdpr --><\/p>\n<div id=\"cmplz-document\" class=\"cmplz-document disclaimer cmplz-document-all\">\n<p>Ameya GmbH ist dazu verpflichtet, diese Website aktuell und akkurat zu halten. Solltest du dennoch auf irgendetwas sto\u00dfen, das veraltet oder inkorrekt ist, w\u00fcrden wir es sch\u00e4tzen, wenn du es uns wissen l\u00e4sst. Bitte weise darauf hin, wo du auf der Seite die Information gelesen hast. Wir werden uns dann so schnell wie m\u00f6glich darum k\u00fcmmern. Bitte sende deine R\u00fcckmeldung an: <span class=\"cmplz-obfuscate\">&#105;nf&#111;@<span class=\"cmplz-fmail-domain\">&#101;x&#046;&#099;om<\/span>&#101;&#100;&#101;&#108;&#118;&#105;&#116;&#097;l&#046;&#099;&#111;m<\/span>.<\/p>\n<p>Jegliche pers\u00f6nliche Information welche du uns innerhalb des Kontexts deiner Antwort oder deinem Antrag zur Verf\u00fcgung stellst, wird ausschlie\u00dflich gem\u00e4\u00df unserer Datenschutzerkl\u00e4rung genutzt.<\/p>\n<p>Ameya GmbH \u00fcbernimmt keine Verantwortung f\u00fcr den Inhalt von Websites, zu denen oder von denen ein Hyperlink oder eine anderer Verweis f\u00fchrt. Produkte oder Serviceleistungen, die von Drittanbieten angeboten werden, werden nach entsprechenden Bedingungen und Konditionen jener Drittanbieter behandelt werden.<\/p>\n<p>Jegliches intellektuelle Eigentumsrecht an Inhalten auf dieser Website ist im Besitz von Ameya GmbH.<\/p>\n<p>Das Kopieren, Verbreiten oder jegliche andere Nutzung dieses Materials ist ohne die schriftliche Erlaubnis von Ameya GmbH nicht gestattet, sofern in geltendem Gesetz nicht anders vereinbart oder ausgenommen (wie etwa das Recht zu zitieren), solang der spezifische Inhalt nichts anderes vorschreibt.<\/p>\n<p>Wenn du Fragen oder Probleme mit der Verf\u00fcgbarkeit der Website hast, z\u00f6gere nicht uns zu kontaktieren.<\/p>\n<\/div>\n<\/div><\/div><\/div><\/div><\/div>","protected":false},"excerpt":{"rendered":"","protected":false},"author":2,"featured_media":0,"parent":0,"menu_order":0,"comment_status":"closed","ping_status":"closed","template":"","meta":{"footnotes":""},"class_list":["post-3922","page","type-page","status-publish","hentry"],"yoast_head":"<!-- This site is optimized with the Yoast SEO plugin v26.8 - https:\/\/yoast.com\/product\/yoast-seo-wordpress\/ -->\n<title>EDELVITAL\u2122 Disclaimer -<\/title>\n<meta name=\"robots\" content=\"index, follow, max-snippet:-1, max-image-preview:large, max-video-preview:-1\" \/>\n<link rel=\"canonical\" href=\"https:\/\/edelvital.com\/de\/disclaimer\/\" \/>\n<meta property=\"og:locale\" content=\"de_DE\" \/>\n<meta property=\"og:type\" content=\"article\" \/>\n<meta property=\"og:title\" content=\"EDELVITAL\u2122 Disclaimer -\" \/>\n<meta property=\"og:url\" content=\"https:\/\/edelvital.com\/de\/disclaimer\/\" \/>\n<meta property=\"og:site_name\" content=\"EDELVITAL\u2122\" \/>\n<meta property=\"article:modified_time\" content=\"2021-11-25T10:01:09+00:00\" \/>\n<meta name=\"twitter:card\" content=\"summary_large_image\" \/>\n<script type=\"application\/ld+json\" class=\"yoast-schema-graph\">{\"@context\":\"https:\/\/schema.org\",\"@graph\":[{\"@type\":\"WebPage\",\"@id\":\"https:\/\/edelvital.com\/de\/disclaimer\/\",\"url\":\"https:\/\/edelvital.com\/de\/disclaimer\/\",\"name\":\"EDELVITAL\u2122 Disclaimer -\",\"isPartOf\":{\"@id\":\"https:\/\/edelvital.com\/de\/#website\"},\"datePublished\":\"2021-11-04T21:38:22+00:00\",\"dateModified\":\"2021-11-25T10:01:09+00:00\",\"breadcrumb\":{\"@id\":\"https:\/\/edelvital.com\/de\/disclaimer\/#breadcrumb\"},\"inLanguage\":\"de\",\"potentialAction\":[{\"@type\":\"ReadAction\",\"target\":[\"https:\/\/edelvital.com\/de\/disclaimer\/\"]}]},{\"@type\":\"BreadcrumbList\",\"@id\":\"https:\/\/edelvital.com\/de\/disclaimer\/#breadcrumb\",\"itemListElement\":[{\"@type\":\"ListItem\",\"position\":1,\"name\":\"Startseite\",\"item\":\"https:\/\/edelvital.com\/de\/\"},{\"@type\":\"ListItem\",\"position\":2,\"name\":\"Disclaimer\"}]},{\"@type\":\"WebSite\",\"@id\":\"https:\/\/edelvital.com\/de\/#website\",\"url\":\"https:\/\/edelvital.com\/de\/\",\"name\":\"EDELVITAL\u2122\",\"description\":\"Certified Sars-CoV-2 Tests\",\"publisher\":{\"@id\":\"https:\/\/edelvital.com\/de\/#organization\"},\"potentialAction\":[{\"@type\":\"SearchAction\",\"target\":{\"@type\":\"EntryPoint\",\"urlTemplate\":\"https:\/\/edelvital.com\/de\/?s={search_term_string}\"},\"query-input\":{\"@type\":\"PropertyValueSpecification\",\"valueRequired\":true,\"valueName\":\"search_term_string\"}}],\"inLanguage\":\"de\"},{\"@type\":\"Organization\",\"@id\":\"https:\/\/edelvital.com\/de\/#organization\",\"name\":\"EDELVITAL\u2122\",\"url\":\"https:\/\/edelvital.com\/de\/\",\"logo\":{\"@type\":\"ImageObject\",\"inLanguage\":\"de\",\"@id\":\"https:\/\/edelvital.com\/de\/#\/schema\/logo\/image\/\",\"url\":\"https:\/\/edelvital.com\/wp-content\/uploads\/2021\/07\/Edelvital-Corona-Tests-Logo-L.png\",\"contentUrl\":\"https:\/\/edelvital.com\/wp-content\/uploads\/2021\/07\/Edelvital-Corona-Tests-Logo-L.png\",\"width\":400,\"height\":100,\"caption\":\"EDELVITAL\u2122\"},\"image\":{\"@id\":\"https:\/\/edelvital.com\/de\/#\/schema\/logo\/image\/\"}}]}<\/script>\n<!-- \/ Yoast SEO plugin. -->","yoast_head_json":{"title":"EDELVITAL\u2122 Disclaimer -","robots":{"index":"index","follow":"follow","max-snippet":"max-snippet:-1","max-image-preview":"max-image-preview:large","max-video-preview":"max-video-preview:-1"},"canonical":"https:\/\/edelvital.com\/de\/disclaimer\/","og_locale":"de_DE","og_type":"article","og_title":"EDELVITAL\u2122 Disclaimer -","og_url":"https:\/\/edelvital.com\/de\/disclaimer\/","og_site_name":"EDELVITAL\u2122","article_modified_time":"2021-11-25T10:01:09+00:00","twitter_card":"summary_large_image","schema":{"@context":"https:\/\/schema.org","@graph":[{"@type":"WebPage","@id":"https:\/\/edelvital.com\/de\/disclaimer\/","url":"https:\/\/edelvital.com\/de\/disclaimer\/","name":"EDELVITAL\u2122 Disclaimer -","isPartOf":{"@id":"https:\/\/edelvital.com\/de\/#website"},"datePublished":"2021-11-04T21:38:22+00:00","dateModified":"2021-11-25T10:01:09+00:00","breadcrumb":{"@id":"https:\/\/edelvital.com\/de\/disclaimer\/#breadcrumb"},"inLanguage":"de","potentialAction":[{"@type":"ReadAction","target":["https:\/\/edelvital.com\/de\/disclaimer\/"]}]},{"@type":"BreadcrumbList","@id":"https:\/\/edelvital.com\/de\/disclaimer\/#breadcrumb","itemListElement":[{"@type":"ListItem","position":1,"name":"Startseite","item":"https:\/\/edelvital.com\/de\/"},{"@type":"ListItem","position":2,"name":"Disclaimer"}]},{"@type":"WebSite","@id":"https:\/\/edelvital.com\/de\/#website","url":"https:\/\/edelvital.com\/de\/","name":"EDELVITAL\u2122","description":"Certified Sars-CoV-2 Tests","publisher":{"@id":"https:\/\/edelvital.com\/de\/#organization"},"potentialAction":[{"@type":"SearchAction","target":{"@type":"EntryPoint","urlTemplate":"https:\/\/edelvital.com\/de\/?s={search_term_string}"},"query-input":{"@type":"PropertyValueSpecification","valueRequired":true,"valueName":"search_term_string"}}],"inLanguage":"de"},{"@type":"Organization","@id":"https:\/\/edelvital.com\/de\/#organization","name":"EDELVITAL\u2122","url":"https:\/\/edelvital.com\/de\/","logo":{"@type":"ImageObject","inLanguage":"de","@id":"https:\/\/edelvital.com\/de\/#\/schema\/logo\/image\/","url":"https:\/\/edelvital.com\/wp-content\/uploads\/2021\/07\/Edelvital-Corona-Tests-Logo-L.png","contentUrl":"https:\/\/edelvital.com\/wp-content\/uploads\/2021\/07\/Edelvital-Corona-Tests-Logo-L.png","width":400,"height":100,"caption":"EDELVITAL\u2122"},"image":{"@id":"https:\/\/edelvital.com\/de\/#\/schema\/logo\/image\/"}}]}},"_links":{"self":[{"href":"https:\/\/edelvital.com\/de\/wp-json\/wp\/v2\/pages\/3922","targetHints":{"allow":["GET"]}}],"collection":[{"href":"https:\/\/edelvital.com\/de\/wp-json\/wp\/v2\/pages"}],"about":[{"href":"https:\/\/edelvital.com\/de\/wp-json\/wp\/v2\/types\/page"}],"author":[{"embeddable":true,"href":"https:\/\/edelvital.com\/de\/wp-json\/wp\/v2\/users\/2"}],"replies":[{"embeddable":true,"href":"https:\/\/edelvital.com\/de\/wp-json\/wp\/v2\/comments?post=3922"}],"version-history":[{"count":2,"href":"https:\/\/edelvital.com\/de\/wp-json\/wp\/v2\/pages\/3922\/revisions"}],"predecessor-version":[{"id":3924,"href":"https:\/\/edelvital.com\/de\/wp-json\/wp\/v2\/pages\/3922\/revisions\/3924"}],"wp:attachment":[{"href":"https:\/\/edelvital.com\/de\/wp-json\/wp\/v2\/media?parent=3922"}],"curies":[{"name":"wp","href":"https:\/\/api.w.org\/{rel}","templated":true}]}}